{"id":940,"date":"2024-02-06T10:06:13","date_gmt":"2024-02-06T10:06:13","guid":{"rendered":"https:\/\/www.afmainsercio.org\/?page_id=940"},"modified":"2024-02-06T10:07:32","modified_gmt":"2024-02-06T10:07:32","slug":"fem","status":"publish","type":"page","link":"https:\/\/www.afmainsercio.org\/es\/fem\/","title":{"rendered":"Hacemos"},"content":{"rendered":"<div id=\"fws_69d9f35491532\"  data-column-margin=\"default\" data-midnight=\"dark\"  class=\"wpb_row vc_row-fluid vc_row\"  style=\"padding-top: 0px; padding-bottom: 0px; \"><div class=\"row-bg-wrap\" data-bg-animation=\"none\" data-bg-animation-delay=\"\" data-bg-overlay=\"false\"><div class=\"inner-wrap row-bg-layer\" ><div class=\"row-bg viewport-desktop\"  style=\"\"><\/div><\/div><\/div><div class=\"row_col_wrap_12 col span_12 dark left\">\n\t<div  class=\"vc_col-sm-12 wpb_column column_container vc_column_container col no-extra-padding inherit_tablet inherit_phone\"  data-padding-pos=\"all\" data-has-bg-color=\"false\" data-bg-color=\"\" data-bg-opacity=\"1\" data-animation=\"\" data-delay=\"0\" >\n\t\t<div class=\"vc_column-inner\" >\n\t\t\t<div class=\"wpb_wrapper\">\n\t\t\t\t\n<div class=\"wpb_text_column wpb_content_element\" >\n\t<p>Actualment estem donant suport a entitats que treballen per a la inclusi\u00f3 de col\u00b7lectius amb dificultats com persones en situaci\u00f3 de sense llar, refugiats clim\u00e0tics, joves immigrants, etc. En concret, el nostre recolzament consisteix a facilitar habitatges en r\u00e8gim de lloguer social i a oferir suport financer, ja sigui amb pr\u00e9stecs personals per cobrir necessitats concretes o amb ajuts a entitats.<\/p>\n<p>Aix\u00ed mateix, estem cercant noves possibilitats per a la reinserci\u00f3 laboral de joves en risc en col\u00b7laboraci\u00f3 amb altres entitats socials que treballen per a la mateixa finalitat.<\/p>\n<\/div>\n\n\n\n\n\t\t\t<\/div> \n\t\t<\/div>\n\t<\/div> \n<\/div><\/div>","protected":false},"excerpt":{"rendered":"Actualment estem donant suport a entitats que treballen per a la inclusi\u00f3 de col\u00b7lectius amb dificultats com persones en situaci\u00f3 de sense llar, refugiats clim\u00e0tics, joves immigrants, etc. En concret,...","protected":false},"author":1,"featured_media":0,"parent":0,"menu_order":0,"comment_status":"closed","ping_status":"closed","template":"","meta":{"footnotes":""},"class_list":["post-940","page","type-page","status-publish"],"_links":{"self":[{"href":"https:\/\/www.afmainsercio.org\/es\/wp-json\/wp\/v2\/pages\/940","targetHints":{"allow":["GET"]}}],"collection":[{"href":"https:\/\/www.afmainsercio.org\/es\/wp-json\/wp\/v2\/pages"}],"about":[{"href":"https:\/\/www.afmainsercio.org\/es\/wp-json\/wp\/v2\/types\/page"}],"author":[{"embeddable":true,"href":"https:\/\/www.afmainsercio.org\/es\/wp-json\/wp\/v2\/users\/1"}],"replies":[{"embeddable":true,"href":"https:\/\/www.afmainsercio.org\/es\/wp-json\/wp\/v2\/comments?post=940"}],"version-history":[{"count":2,"href":"https:\/\/www.afmainsercio.org\/es\/wp-json\/wp\/v2\/pages\/940\/revisions"}],"predecessor-version":[{"id":942,"href":"https:\/\/www.afmainsercio.org\/es\/wp-json\/wp\/v2\/pages\/940\/revisions\/942"}],"wp:attachment":[{"href":"https:\/\/www.afmainsercio.org\/es\/wp-json\/wp\/v2\/media?parent=940"}],"curies":[{"name":"wp","href":"https:\/\/api.w.org\/{rel}","templated":true}]}}