{"id":874,"date":"2021-09-14T11:30:25","date_gmt":"2021-09-14T11:30:25","guid":{"rendered":"https:\/\/www.afmainsercio.org\/?page_id=874"},"modified":"2021-09-14T12:27:42","modified_gmt":"2021-09-14T12:27:42","slug":"politica-de-cookies","status":"publish","type":"page","link":"https:\/\/www.afmainsercio.org\/es\/politica-de-cookies\/","title":{"rendered":"Pol\u00edtica de Cookies"},"content":{"rendered":"<div class=\"container-wrap\">\n<div class=\"container main-content\">\n<div class=\"row\">\n<h3>DESCRIPCI\u00d3 I FINALITAT<\/h3>\n<p>Les Cookies s\u00f3n fitxers de dades creats pel lloc Web i emmagatzemats pr\u00e8via acceptaci\u00f3 de l\u2019usuari en el navegador o en el seu dispositiu durant el recorregut per les p\u00e0gines o per l\u2019aplicaci\u00f3, i serveixen per emmagatzemar informaci\u00f3 sobre la visita. Com la majoria dels llocs en Internet, els portals web han de:<\/p>\n<ul>\n<li>Assegurar que les p\u00e0gines Web poden funcionar<\/li>\n<li>Emmagatzemar les prefer\u00e8ncies, com l\u2019idioma seleccionat o la grand\u00e0ria de<\/li>\n<li>Con\u00e8ixer l\u2019experi\u00e8ncia de navegaci\u00f3.<\/li>\n<li>Recopilar informaci\u00f3 estad\u00edstica an\u00f2nima, com les p\u00e0gines que s\u2019han visitat o el temps que ha durat la connexi\u00f3.<\/li>\n<\/ul>\n<p>L\u2019\u00fas de Cookies ens permet optimitzar la navegaci\u00f3, adaptant la informaci\u00f3 i els serveis oferts als interessos de l\u2019usuari, per proporcionar una millor experi\u00e8ncia sempre que visiti la p\u00e0gina.<\/p>\n<p>Les Cookies s\u2019associen \u00fanicament a un usuari an\u00f2nim i el seu ordinador\/dispositiu i no proporcionen refer\u00e8ncies que permetin con\u00e8ixer dades personals. A tot moment, l\u2019usuari podr\u00e0 accedir a la configuraci\u00f3 del seu navegador per modificar i\/o bloquejar la instal\u00b7laci\u00f3 de les Cookies enviades pels llocs Web de&nbsp;<a href=\"http:\/\/www.afmainsercio.org\/es\/\">www.afmainsercio.org<\/a>.&nbsp;Els usuaris que completin el proc\u00e9s de registre o hagin iniciat sessi\u00f3 amb les seves dades d\u2019acc\u00e9s podran accedir a serveis personalitzats i adaptats a les seves prefer\u00e8ncies segons la informaci\u00f3 personal subministrada al moment del registre i l\u2019emmagatzemada en la Cookie del seu navegador.<\/p>\n<p>Google Analytics emmagatzema cookies per poder elaborar estad\u00edstiques sobre el tr\u00e0fic i volum de visites d\u2019aquesta Web. En utilitzar aquest lloc Web est\u00e0 consentint el tractament d\u2019informaci\u00f3 sobre vost\u00e8 per Google. Per tant, l\u2019exercici de qualsevol dret en aquest sentit haur\u00e0 de fer-ho comunicant directament amb Google. Les cookies de Google Analytics, s\u2019emmagatzemen en servidors situats a Estats Units i es compromet a no compartir-la amb tercers, excepte en els casos en els quals sigui necessari per al funcionament del sistema o quan la llei obligui a aquest efecte. Segons Google, no guarda la seva adre\u00e7a IP.<\/p>\n<p>Google Inc. \u00e9s una companyia adherida a \u201cPrivacy Shield\u201d (escut de privadesa) que garanteix que totes les dades transferides seran tractades amb un nivell de protecci\u00f3 concorde a la normativa europea. Pot consultar informaci\u00f3 detallada referent a aix\u00f2 a trav\u00e9s del seg\u00fcent&nbsp;<a href=\"https:\/\/support.google.com\/analytics\/answer\/6004245\">enlla\u00e7.<\/a><\/p>\n<p>Si ho desitja pot utilitzar el Complement d\u2019inhabilitaci\u00f3 per a navegadors de Google Analytics a trav\u00e9s de les instruccions dels quals poden rebutjar-se les cookies anal\u00edtiques d\u2019aquest servei en tots els navegadors.<\/p>\n<p>Pot consultar m\u00e9s informaci\u00f3 sobre aquest tema al seg\u00fcent&nbsp;<a href=\"https:\/\/tools.google.com\/dlpage\/gaoptout\" target=\"_blank\" rel=\"noopener\">enlla\u00e7.<\/a><\/p>\n<p>&nbsp;<\/p>\n<h3>UTILITAT<\/h3>\n<ul>\n<li>Des d\u2019un punt de vista t\u00e8cnic, permeten que els llocs web funcionin de forma m\u00e9s \u00e0gil i adaptada a les prefer\u00e8ncies dels usuaris, com per exemple emmagatzemar l\u2019idioma, la moneda del pa\u00eds o detectar el dispositiu d\u2019acc\u00e9s.<\/li>\n<li>Estableixen nivells de protecci\u00f3 i seguretat que impedeixen o dificulten ciberatacs contra el lloc Web o els seus<\/li>\n<li>Permeten que els gestors dels mitjans puguin con\u00e8ixer dades estad\u00edstiques recopilades en les Cookies per millorar la qualitat i experi\u00e8ncia dels seus<\/li>\n<li>Serveixen per optimitzar la publicitat que es mostra als usuaris, oferint la que m\u00e9s s\u2019ajusta als seus interessos.<\/li>\n<\/ul>\n<p>&nbsp;<\/p>\n<h3>TIPUS DE COOKIES<\/h3>\n<table>\n<tbody>\n<tr>\n<td rowspan=\"2\" width=\"190\"><strong>&nbsp;<\/strong><strong>&nbsp;<\/strong>\n<p>&nbsp;<\/p>\n<p><strong>SEGONS L\u2019 ENTITAT QUE LES GESTIONI<\/strong><\/p>\n<\/td>\n<td width=\"169\"><strong>Cookies pr\u00f2pies<\/strong><\/td>\n<td width=\"324\">S\u00f3n aquelles que es recapten pel propi editor per prestar el servei sol\u00b7licitat per l\u2019usuari.<\/td>\n<\/tr>\n<tr>\n<td width=\"169\"><strong>Cookies de tercer<\/strong><\/td>\n<td width=\"324\">S\u00f3n aquelles que s\u00f3n recaptades i gestionades per un tercer, aquestes no es poden considerar pr\u00f2pies.<\/td>\n<\/tr>\n<tr>\n<td rowspan=\"2\" width=\"190\"><strong>&nbsp;<\/strong><strong>&nbsp;<\/strong>\n<p>&nbsp;<\/p>\n<p><strong>&nbsp;<\/strong><\/p>\n<p><strong>SEGONS EL TERMINI DE TEMPS QUE ROMANGUIN ACTIVADES<\/strong><\/p>\n<\/td>\n<td width=\"169\"><strong>Cookies de sessi\u00f3<\/strong><\/td>\n<td width=\"324\"><strong>&nbsp;<\/strong>Recapten dades mentre l\u2019usuari navega per la xarxa amb la finalitat de prestar el servei sol\u00b7licitat.<\/td>\n<\/tr>\n<tr>\n<td width=\"169\"><strong>Cookies persistents<\/strong><\/td>\n<td width=\"324\"><strong>&nbsp;<\/strong>S\u2019emmagatzemen en el terminal i la informaci\u00f3 obtinguda, ser\u00e0 utilitzada pel responsable de la cookie amb la finalitat de prestar el servei sol\u00b7licitat.<\/td>\n<\/tr>\n<tr>\n<td rowspan=\"5\" width=\"190\"><strong>&nbsp;<\/strong><strong>&nbsp;<\/strong>\n<p>&nbsp;<\/p>\n<p><strong>&nbsp;<\/strong><\/p>\n<p><strong>&nbsp;<\/strong><\/p>\n<p><strong>&nbsp;<\/strong><\/p>\n<p><strong>&nbsp;<\/strong><\/p>\n<p><strong>&nbsp;<\/strong><\/p>\n<p><strong>&nbsp;<\/strong><\/p>\n<p><strong>&nbsp;<\/strong><\/p>\n<p><strong>SEGONS LA SEVA FINALITAT<\/strong><\/p>\n<\/td>\n<td width=\"169\"><strong>Cookies t\u00e8cniques<\/strong><\/td>\n<td width=\"324\">S\u00f3n les necess\u00e0ries per a la correcta navegaci\u00f3 per la web.<\/td>\n<\/tr>\n<tr>\n<td width=\"169\"><strong>Cookies de personalitzaci\u00f3<\/strong><\/td>\n<td width=\"324\">Permeten a l\u2019usuari les caracter\u00edstiques (idioma) per a la navegaci\u00f3 per la website.<\/td>\n<\/tr>\n<tr>\n<td width=\"169\"><strong>Cookies d\u2019an\u00e0lisis<\/strong><\/td>\n<td width=\"324\">Permeten al prestador l\u2019an\u00e0lisi vinculada a la navegaci\u00f3 realitzada per l\u2019usuari, amb la finalitat de portar un seguiment d\u2019\u00fas de la p\u00e0gina web, aix\u00ed com realitzar estad\u00edstiques dels continguts m\u00e9s visitats, nombre de visitants, etc.<\/td>\n<\/tr>\n<tr>\n<td width=\"169\"><strong>Cookies publicit\u00e0ries<\/strong><\/td>\n<td width=\"324\">Permeten a l\u2019editor incloure a la web, espais publicitaris, segons el contingut de la pr\u00f2pia web.<\/td>\n<\/tr>\n<tr>\n<td width=\"169\"><strong>Cookies de publicitat comportamental<\/strong><\/td>\n<td width=\"324\">Permeten a l\u2019editor incloure a la p\u00e0gina web espais publicitaris segons la informaci\u00f3 obtinguda a trav\u00e9s dels h\u00e0bits de navegaci\u00f3 de l\u2019usuari.<\/td>\n<\/tr>\n<\/tbody>\n<\/table>\n<\/div>\n<\/div>\n<\/div>","protected":false},"excerpt":{"rendered":"<p>DESCRIPCI\u00d3 I FINALITAT Les Cookies s\u00f3n fitxers de dades creats pel lloc Web i emmagatzemats pr\u00e8via acceptaci\u00f3 de l\u2019usuari en el navegador o en el seu dispositiu durant el recorregut&#8230;<\/p>","protected":false},"author":1,"featured_media":0,"parent":0,"menu_order":0,"comment_status":"closed","ping_status":"closed","template":"","meta":{"footnotes":""},"class_list":["post-874","page","type-page","status-publish"],"_links":{"self":[{"href":"https:\/\/www.afmainsercio.org\/es\/wp-json\/wp\/v2\/pages\/874","targetHints":{"allow":["GET"]}}],"collection":[{"href":"https:\/\/www.afmainsercio.org\/es\/wp-json\/wp\/v2\/pages"}],"about":[{"href":"https:\/\/www.afmainsercio.org\/es\/wp-json\/wp\/v2\/types\/page"}],"author":[{"embeddable":true,"href":"https:\/\/www.afmainsercio.org\/es\/wp-json\/wp\/v2\/users\/1"}],"replies":[{"embeddable":true,"href":"https:\/\/www.afmainsercio.org\/es\/wp-json\/wp\/v2\/comments?post=874"}],"version-history":[{"count":3,"href":"https:\/\/www.afmainsercio.org\/es\/wp-json\/wp\/v2\/pages\/874\/revisions"}],"predecessor-version":[{"id":879,"href":"https:\/\/www.afmainsercio.org\/es\/wp-json\/wp\/v2\/pages\/874\/revisions\/879"}],"wp:attachment":[{"href":"https:\/\/www.afmainsercio.org\/es\/wp-json\/wp\/v2\/media?parent=874"}],"curies":[{"name":"wp","href":"https:\/\/api.w.org\/{rel}","templated":true}]}}