{"id":865,"date":"2021-09-14T11:08:12","date_gmt":"2021-09-14T11:08:12","guid":{"rendered":"https:\/\/www.afmainsercio.org\/politica-de-cookies\/"},"modified":"2021-09-14T11:43:15","modified_gmt":"2021-09-14T11:43:15","slug":"configuracio-de-cookies","status":"publish","type":"page","link":"https:\/\/www.afmainsercio.org\/es\/configuracio-de-cookies\/","title":{"rendered":"Configuraci\u00f3 de Cookies"},"content":{"rendered":"<p>En acceptar les cookies del nostre \u201cav\u00eds de cookies\u201d que apareix a la primera capa, estar\u00e0 consentint l\u2019\u00fas\u00a0 de les Cookies en les condicions contingudes en la present Pol\u00edtica de Cookies. FUNDACI\u00d3 PRIVADA AFMA proporciona acc\u00e9s a aquesta Pol\u00edtica de Cookies al moment del registre amb l\u2019objectiu que l\u2019usuari estigui informat, i sense perjudici que aquest pugui exercir el seu dret a bloquejar, eliminar i rebutjar l\u2019\u00fas de Cookies en tot moment.<\/p>\n<p>At\u00e8s que les Cookies no s\u00f3n necess\u00e0ries per a l\u2019\u00fas d\u2019aquest Lloc Web, es poden bloquejar o deshabilitar activant la configuraci\u00f3 del navegador, que permet rebutjar la instal\u00b7laci\u00f3 de totes les cookies o d\u2019algunes d\u2019elles. La pr\u00e0ctica majoria dels navegadors permeten advertir de la pres\u00e8ncia de Cookies o rebutjar-les autom\u00e0ticament. Si es rebutgen, es podr\u00e0 seguir usant el Lloc web, encara que l\u2019\u00fas d\u2019alguns dels seus serveis podr\u00e0 ser limitat i per tant l\u2019experi\u00e8ncia ser\u00e0 menys satisfact\u00f2ria.<\/p>\n<p>A continuaci\u00f3, s\u2019indiquen els enlla\u00e7os dels principals navegadors i dispositius perqu\u00e8 es pugui disposar de tota la informaci\u00f3 per consultar com gestionar les cookies a cada navegador:<\/p>\n<ul>\n<li><strong><a href=\"https:\/\/support.microsoft.com\/es-es\/topic\/eliminar-y-administrar-cookies-168dab11-0753-043d-7c16-ede5947fc64d\">Internet Explorer&#x2122;<\/a><\/strong><\/li>\n<li><strong><a href=\"https:\/\/support.microsoft.com\/es-es\/windows\/microsoft-edge-datos-de-exploraci%C3%B3n-y-privacidad-bb8174ba-9d73-dcf2-9b4a-c582b4e640dd\">Microsoft Edge&#x2122;<\/a><\/strong><\/li>\n<li><strong><a href=\"https:\/\/support.apple.com\/kb\/ph17191?locale=es_ES\">Safari&#x2122;<\/a><\/strong><\/li>\n<li><strong><a href=\"https:\/\/support.apple.com\/es-es\/HT201265\">Safari&#x2122; per a IOS (iPhone, iPad o iPod touch)<\/a><\/strong><\/li>\n<li><strong><a href=\"https:\/\/support.google.com\/chrome\/answer\/95647?hl=es&amp;hlrm=en\">Chrome&#x2122;<\/a><\/strong><\/li>\n<li><strong><a href=\"http:\/\/support.mozilla.org\/es\/kb\/cookies-informacion-que-los-sitios-web-guardan-en-?redirectlocale=en-US&amp;redirectslug=Cookies\">Firefox&#x2122;<\/a>\u00a0 \u00a0 \u00a0 \u00a0 \u00a0 \u00a0 \u00a0<\/strong><\/li>\n<li><strong><a href=\"https:\/\/www.opera.com\/help\/tutorials\/security\/privacy\/\">Opera&#x2122;<\/a><\/strong><\/li>\n<li><strong><a href=\"http:\/\/support.google.com\/android\/?hl=es\">Android<\/a><\/strong><\/li>\n<li><strong><a href=\"http:\/\/www.windowsphone.com\/es-ES\/how-to\/wp7\/web\/changing-privacy-and-other-browser-settings\">Windows Phone<\/a>\u00a0 \u00a0 \u00a0\u00a0<\/strong><\/li>\n<\/ul>\n<p>Per informaci\u00f3 addicional sobre com configurar les Cookies detallada per prove\u00efdor o administrar les prefer\u00e8ncies, es pot visitar el portal\u00a0<a href=\"http:\/\/www.youronlinechoices.com\/es\/preferencias\/\">Your Online Choices.<\/a><\/p>\n<h3><a href=\"https:\/\/www.afmainsercio.org\/es\/politica-de-cookies-2\/\">Pol\u00edtica de Cookies<\/a><\/h3>","protected":false},"excerpt":{"rendered":"<p>En acceptar les cookies del nostre \u201cav\u00eds de cookies\u201d que apareix a la primera capa, estar\u00e0 consentint l\u2019\u00fas\u00a0 de les Cookies en les condicions contingudes en la present Pol\u00edtica de&#8230;<\/p>","protected":false},"author":1,"featured_media":0,"parent":0,"menu_order":0,"comment_status":"closed","ping_status":"closed","template":"","meta":{"footnotes":""},"class_list":["post-865","page","type-page","status-publish"],"_links":{"self":[{"href":"https:\/\/www.afmainsercio.org\/es\/wp-json\/wp\/v2\/pages\/865","targetHints":{"allow":["GET"]}}],"collection":[{"href":"https:\/\/www.afmainsercio.org\/es\/wp-json\/wp\/v2\/pages"}],"about":[{"href":"https:\/\/www.afmainsercio.org\/es\/wp-json\/wp\/v2\/types\/page"}],"author":[{"embeddable":true,"href":"https:\/\/www.afmainsercio.org\/es\/wp-json\/wp\/v2\/users\/1"}],"replies":[{"embeddable":true,"href":"https:\/\/www.afmainsercio.org\/es\/wp-json\/wp\/v2\/comments?post=865"}],"version-history":[{"count":3,"href":"https:\/\/www.afmainsercio.org\/es\/wp-json\/wp\/v2\/pages\/865\/revisions"}],"predecessor-version":[{"id":877,"href":"https:\/\/www.afmainsercio.org\/es\/wp-json\/wp\/v2\/pages\/865\/revisions\/877"}],"wp:attachment":[{"href":"https:\/\/www.afmainsercio.org\/es\/wp-json\/wp\/v2\/media?parent=865"}],"curies":[{"name":"wp","href":"https:\/\/api.w.org\/{rel}","templated":true}]}}