{"id":814,"date":"2021-07-07T12:41:01","date_gmt":"2021-07-07T12:41:01","guid":{"rendered":"http:\/\/www.afmainsercio.org\/?page_id=814"},"modified":"2021-09-14T11:43:21","modified_gmt":"2021-09-14T11:43:21","slug":"avis-legal","status":"publish","type":"page","link":"https:\/\/www.afmainsercio.org\/es\/avis-legal\/","title":{"rendered":"Av\u00eds legal"},"content":{"rendered":"<p>D\u2019acord amb l\u2019exig\u00e8ncia de l\u2019article 10 de la Llei 34\/2002, d\u2019 11 de juliol, de Serveis de la Societat de la Informaci\u00f3 i de Comer\u00e7 Electr\u00f2nic (LSSI-CE), FUNDACI\u00d3 PRIVADA AFMA informa de les seg\u00fcents dades:<\/p>\n\n\n\n<h3 class=\"wp-block-heading\">TITULAR DE LA WEB<\/h3>\n\n\n\n<p><strong>Ra\u00f3 Social:<\/strong>\u00a0FUNDACI\u00d3 PRIVADA AFMA<br><strong>CIF:<\/strong>\u00a0G64263031<br><strong>Denominaci\u00f3 comercial:<\/strong>\u00a0FUNDACI\u00d3 PRIVADA AFMA<br><strong>Domicili fiscal:<\/strong>\u00a0C\/GRAN DE GR\u00c0CIA 167, PRAL 2a, 08012 BARCELONA, BARCELONA.<br><strong>Contacte:<\/strong>\u00a0<a href=\"mailto:afma@afmainsercio.org\" target=\"_blank\" rel=\"noreferrer noopener\">afma@afmainsercio.org<\/a><\/p>\n\n\n\n<p>La present informaci\u00f3 regula les condicions d\u2019\u00fas, les limitacions de responsabilitat i les obligacions que els usuaris de la p\u00e0gina Web que es publica sota el nom del domini www.afmainsercio.org assumeixen i es comprometen a respectar.<\/p>\n\n\n\n<h3 class=\"wp-block-heading\">COOKIES<\/h3>\n\n\n\n<p>www.afmainsercio.org utilitza cookies per facilitar la navegaci\u00f3 per aquest portal i per obtenir una major efic\u00e0cia i personalitzaci\u00f3 dels serveis oferts als usuaris. Les cookies utilitzades a www.afmainsercio.org s\u2019associen \u00fanicament a un usuari an\u00f2nim i el seu ordinador, no proporcionen refer\u00e8ncies que permetin deduir el nom i cognoms de l\u2019usuari i no poden llegir dades del seu disc dur ni incloure virus en els seus equips. Aix\u00ed mateix, www.afmainsercio.org no pot llegir les cookies implantades al disc dur de l\u2019usuari des d\u2019altres servidors.<\/p>\n\n\n\n<p>L\u2019usuari pot lliurement decidir sobre la implantaci\u00f3 o no en el seu disc dur de les cookies utilitzades a www.afmainsercio.org. En aquest sentit, l\u2019usuari pot configurar el seu navegador per acceptar o rebutjar per defecte totes les cookies o per rebre un av\u00eds en pantalla de la recepci\u00f3 de cada cookie i decidir en aquest moment la seva implantaci\u00f3 o no en el seu disc dur. Per a aix\u00f2 li suggerim consultar la secci\u00f3 d\u2019ajuda del seu navegador per saber com canviar la configuraci\u00f3 que actualment empra. Encara que l\u2019usuari configur\u00e9s el seu navegador per rebutjar totes les cookies o rebutg\u00e9s expressament les cookies de www.afmainsercio.org, podria navegar pel portal amb l\u2019\u00fanic inconvenient de no poder gaudir de les funcionalitats que requereixin la instal\u00b7laci\u00f3 d\u2019alguna d\u2019elles. En qualsevol cas, l\u2019usuari podr\u00e0 eliminar les cookies de www.afmainsercio.org implantades en el seu disc dur en qualsevol moment, seguint el procediment establert en la secci\u00f3 d\u2019ajuda del seu navegador o entrant a l\u2019enlla\u00e7\u00a0<strong>Pol\u00edtica de Cookies\u00a0<\/strong>d\u2019aquest lloc Web.<\/p>\n\n\n\n<h3 class=\"wp-block-heading\">POL\u00cdTICA D\u2019ENLLA\u00c7OS<\/h3>\n\n\n\n<p>En cas que s\u2019introdueixi per un usuari d\u2019Internet un enlla\u00e7 des del seu propi Lloc Web al Lloc Web de FUNDACI\u00d3 PRIVADA AFMA, l\u2019enlla\u00e7 \u00fanicament vincular\u00e0 amb la p\u00e0gina principal d\u2019aquest \u00faltim, per\u00f2 no podr\u00e0 reproduir-la de cap manera, i, en cas que es visualitzin els continguts del Lloc Web amb continguts aliens al mateix, aquests continguts aliens no podran induir a error, confusi\u00f3 o engany en els Usuaris sobre la proced\u00e8ncia dels seus continguts, ni suposar un acte de comparaci\u00f3 o imitaci\u00f3 deslleial o un aprofitament de la reputaci\u00f3 de FUNDACI\u00d3 PRIVADA AFMA.<\/p>\n\n\n\n<p>No es realitzar\u00e0 des de la p\u00e0gina que introdueix l\u2019enlla\u00e7 cap tipus de manifestaci\u00f3 falsa o inexacta sobre FUNDACI\u00d3 PRIVADA AFMA, Empreses Associades, col\u00b7laboradors o empleats, ni s\u2019indicar\u00e0 en aquesta p\u00e0gina que tenen el consentiment de FUNDACI\u00d3 PRIVADA AFMA per a la inserci\u00f3 de l\u2019enlla\u00e7, o que FUNDACI\u00d3 PRIVADA AFMA t\u00e9 alguna relaci\u00f3 o col\u00b7laboraci\u00f3 amb aquesta p\u00e0gina.<\/p>\n\n\n\n<p>Excepte en els casos permesos per la llei o expressament autoritzats per FUNDACI\u00d3 PRIVADA AFMA, sempre que es permeti un enlla\u00e7 directe amb el seu Lloc Web, queda prohibida la utilitzaci\u00f3 de qualsevol marca o qualsevol altre signe distintiu de FUNDACI\u00d3 PRIVADA AFMA dins de la p\u00e0gina on es trobi l\u2019enlla\u00e7, tret que s\u2019autoritzi expressament.<\/p>\n\n\n\n<p>La p\u00e0gina que estableixi l\u2019enlla\u00e7 haur\u00e0 de complir amb la llei i no disposar o enlla\u00e7ar amb continguts il\u00b7l\u00edcits o contraris a la moral i als bons costums.<\/p>\n\n\n\n<p>Per la seva banda, el propi Lloc Web inclou dispositius t\u00e8cnics d\u2019enlla\u00e7 que permeten a l\u2019Usuari accedir a altres p\u00e0gines i portals d\u2019Internet, actuant FUNDACI\u00d3 PRIVADA AFMA com a prestador de serveis d\u2019intermediaci\u00f3 de conformitat amb l\u2019article 17 de la Llei 34\/2002, d\u201911 de juliol, de Serveis de la Societat de la Informaci\u00f3 i de Comer\u00e7 Electr\u00f2nic, per la qual cosa nom\u00e9s ser\u00e0 responsable dels continguts i serveis subministrats en els llocs enlla\u00e7ats en cas que havent tingut coneixement efectiu, en la forma prevista per la Llei de Serveis de la Societat de la Informaci\u00f3, de la il\u00b7licitud no hagi desactivat l\u2019enlla\u00e7.<\/p>\n\n\n\n<p>L\u2019exist\u00e8ncia de llocs enlla\u00e7ats no suposa que existeixin acords amb els responsables o titulars dels mateixos, i FUNDACI\u00d3 PRIVADA AFMA no es fa responsable pels danys produ\u00efts per la il\u00b7licitud, qualitat, desactualizaci\u00f3, indisponibilitat, error i inutilitat dels continguts d\u2019aquests llocs, ja que els desconeix. En qualsevol cas, si l\u2019Usuari tingu\u00e9s coneixement que els llocs enlla\u00e7ats remeten a p\u00e0gines els continguts de les quals o serveis s\u00f3n il\u00b7l\u00edcits o contraris a la moral haur\u00e0 de posar-ho en coneixement de FUNDACI\u00d3 PRIVADA AFMA.<\/p>\n\n\n\n<p>A aquests efectes s\u2019habilita l\u2019adre\u00e7a de correu electr\u00f2nic afma@afmainsercio.org; d\u2019aquesta forma, els usuaris hauran de comunicar: nom, adre\u00e7a, n\u00famero de tel\u00e8fon i adre\u00e7a de correu electr\u00f2nic, especificaci\u00f3 de la suposada activitat il\u00b7l\u00edcita duta a terme al Portal i fets o circumst\u00e0ncies que revelen el car\u00e0cter il\u00b7l\u00edcit d\u2019aquesta activitat.<\/p>\n\n\n\n<h3 class=\"wp-block-heading\">CONDICIONS D\u2019\u00daS<\/h3>\n\n\n\n<p>La utilitzaci\u00f3 de la p\u00e0gina atorga la utilitzaci\u00f3 d\u2019usuari i implica l\u2019acceptaci\u00f3 de les condicions de l\u2019av\u00eds legal, pol\u00edtica de privadesa i condicions d\u2019\u00fas, si l\u2019usuari no estigu\u00e9s conforme, s\u2019abstindr\u00e0 d\u2019utilitzar la p\u00e0gina. L\u2019usuari est\u00e0 obligat i es compromet a utilitzar la p\u00e0gina i els continguts de conformitat amb la legislaci\u00f3 vigent, l\u2019Av\u00eds Legal, i qualsevol altre av\u00eds contingut en aquesta p\u00e0gina, aix\u00ed com amb les normes de conviv\u00e8ncia, la moral i bons costums generalment acceptades.<\/p>\n\n\n\n<p>L\u2019Usuari s\u2019obliga i es compromet a no transmetre, difondre o posar a la disposici\u00f3 de tercers qualsevol contingut de la P\u00e0gina, tals com a informacions, textos, dades, continguts, missatges, gr\u00e0fics, dibuixos, arxius de so i\/o imatge, fotografies, enregistraments, programari, logotips, marques, icones, tecnologia, programari, enlla\u00e7os, disseny gr\u00e0fic i codis font, o qualsevol un altre material al que tingu\u00e9s acc\u00e9s en la seva condici\u00f3 d\u2019Usuari de la P\u00e0gina, sense que aquesta enumeraci\u00f3 tingui car\u00e0cter limitatiu.<\/p>\n\n\n\n<h3 class=\"wp-block-heading\">PROPIETAT INTEL\u00b7LECTUAL I INDUSTRIAL<\/h3>\n\n\n\n<p>Totes les marques, noms comercials o signes distintius de qualsevol classe que apareixen a la p\u00e0gina s\u00f3n propietat de FUNDACI\u00d3 PRIVADA AFMA o, si escau, de tercers que han autoritzat el seu \u00fas, sense que pugui entendre\u2019s que l\u2019\u00fas o acc\u00e9s al portal i\/o als continguts atribueixi a l\u2019usuari dret algun sobre les citades marques, noms comercials i\/o signes distintius, i sense que puguin entendre\u2019s cedits a l\u2019usuari, cap dels drets d\u2019explotaci\u00f3 que existeixen o puguin existir sobre aquests continguts. I no ent\u00e9n cedits ni s\u2019autoritza la seva utilitzaci\u00f3, en cap cas, als usuaris de la p\u00e0gina tret que s\u2019obtinguin aquests drets per escrit del leg\u00edtim titular dels mateixos.<\/p>\n\n\n\n<h3 class=\"wp-block-heading\">XARXES SOCIALS OFICIALS<\/h3>\n\n\n\n<p>FUNDACI\u00d3 PRIVADA AFMA a El prestador de serveis de les p\u00e0gines oficials de les xarxes socials Twitter, Altres \u00e9s l\u2019entitat FUNDACI\u00d3 PRIVADA AFMA amb C.I.F. G62572409 i domicili social a C\/ GRAN DE GRACIA 167, PRAL 2a, 08012 BARCELONA, BARCELONA i mateix domicili a efecte de notificacions.<\/p>\n\n\n\n<p>L\u2019acc\u00e9s i \u00fas d\u2019aquestes p\u00e0gines requereix de l\u2019acceptaci\u00f3 de les condicions generals d\u2019\u00fas de xarxes socials i la pol\u00edtica de privadesa que m\u00e9s a baix es detalla i es completa amb la pol\u00edtica i les normes de les plataformes de xarxa social de Twitter, Altres.<\/p>\n\n\n\n<p>Per qualsevol consulta o contacte amb FUNDACI\u00d3 PRIVADA AFMA els usuaris podran comunicar-se a trav\u00e9s del n\u00famero de tel\u00e8fon +34932177154 o de la seg\u00fcent adre\u00e7a electr\u00f2nica: afma@afmainsercio.org<\/p>\n\n\n\n<h3 class=\"wp-block-heading\">Condicions d\u2019\u00fas de la p\u00e0gina oficial de FUNDACI\u00d3 PRIVADA AFMA a Twitter i Altres<\/h3>\n\n\n\n<p>Si us plau, llegeixi atentament aquestes condicions d\u2019\u00fas ja que contenen tota la informaci\u00f3 relativa als seus drets i obligacions com a usuari de la p\u00e0gina oficial de FUNDACI\u00d3 PRIVADA AFMA a Twitter, Altres. L\u2019acc\u00e9s i \u00fas de la p\u00e0gina oficial de FUNDACI\u00d3 PRIVADA AFMA a Twitter, Altres est\u00e0 subjecte a m\u00e9s al compliment de les condicions establertes per Twitter, Altres com a titular de la plataforma del servei de xarxa social.<\/p>\n\n\n\n<p>Quan l\u2019usuari accedeix o utilitza la p\u00e0gina oficial de FUNDACI\u00d3 PRIVADA AFMA a Twitter, Altres manifesta el seu consentiment i acceptaci\u00f3 del compliment de l\u2019establert en les presents condicions d\u2019\u00fas.<\/p>\n\n\n\n<p>L\u2019acc\u00e9s i \u00fas de la p\u00e0gina oficial de FUNDACI\u00d3 PRIVADA AFMA a Twitter, Altres est\u00e0 prohibit als menors de 14 anys.<\/p>\n\n\n\n<h3 class=\"wp-block-heading\">Usos permesos i usos prohibits<\/h3>\n\n\n\n<p>A trav\u00e9s de la p\u00e0gina oficial de FUNDACI\u00d3 PRIVADA AFMA a Twitter, Altres es facilita un espai en el qual l\u2019usuari pot publicar i intercanviar informaci\u00f3 i continguts, aix\u00ed com establir comunicaci\u00f3 entre diversos usuaris.<\/p>\n\n\n\n<p>L\u2019\u00fas de la p\u00e0gina oficial de FUNDACI\u00d3 PRIVADA AFMA no pot tenir una finalitat econ\u00f2mica o comercial.<\/p>\n\n\n\n<p>L\u2019usuari est\u00e0 obligat a realitzar un \u00fas raonable de la p\u00e0gina oficial de FUNDACI\u00d3 PRIVADA AFMA de Twitter, Altres i dels seus continguts, segons les possibilitats i finalitats pels quals est\u00e0 concebut d\u2019acord amb els usos i costums, la moral, la legislaci\u00f3 vigent, les presents normes i les normes i pol\u00edtiques publicades per Twitter, Altres. L\u2019usuari ser\u00e0 l\u2019\u00fanic responsable de la informaci\u00f3, imatges, opinions, al\u00b7lusions o continguts de qualsevol tipus que comuniqui, allotgi, transmeti, posi a disposici\u00f3 o exhibeixi a trav\u00e9s de la p\u00e0gina oficial de FUNDACI\u00d3 PRIVADA AFMA a Twitter, Altres.<\/p>\n\n\n\n<p>FUNDACI\u00d3 PRIVADA AFMA no podr\u00e0 ser considerat responsable editorial dels continguts publicats per l\u2019usuari i declara expressament que no s\u2019identifica amb cap de les opinions que els usuaris publiquin a la p\u00e0gina oficial de FUNDACI\u00d3 PRIVADA AFMA a Twitter, Altres de les conseq\u00fc\u00e8ncies de les quals es fa completament responsable l\u2019emissor de les mateixes.<\/p>\n\n\n\n<p>En tot cas, queda prohibit l\u2019\u00fas de la p\u00e0gina oficial de FUNDACI\u00d3 PRIVADA AFMA en Twitter, Altres finalitats il\u00b7legals o no autoritzats, amb o sense finalitat econ\u00f2mica.<\/p>\n\n\n\n<h3 class=\"wp-block-heading\">EXEMPCI\u00d3 DE RESPONSABILITATS<\/h3>\n\n\n\n<p>FUNDACI\u00d3 PRIVADA AFMA inclou en el seu Lloc Web una s\u00e8rie de continguts sobre les seves activitats, productes, estructura, gesti\u00f3 i equips propis d\u2019una Web corporativa. FUNDACI\u00d3 PRIVADA AFMA exclou qualsevol responsabilitat pels danys i perjudicis de tota naturalesa que poguessin derivar-se de l\u2019acc\u00e9s als continguts, informacions, publicitat, opcions, conceptes i imatges facilitats als usuaris.<\/p>\n\n\n\n<p>En qualsevol cas, FUNDACI\u00d3 PRIVADA AFMA no es fa responsable de:<\/p>\n\n\n\n<ul class=\"wp-block-list\"><li>El mal que l\u2019usuari pugui realitzar del Lloc Web.<\/li><li>La continu\u00eftat dels continguts de la Lloc Web.<\/li><li>L\u2019abs\u00e8ncia de virus i\/o altres components nocius en el Lloc Web o en el servidor que els subministra, tant quant a la visualitzaci\u00f3 dels continguts pels usuaris com en la desc\u00e0rrega dels mateixos.<\/li><li>Els continguts i serveis prestats per altres Llocs Web a les quals pugui tenir acc\u00e9s des de les adreces d\u2019Internet titularitat de FUNDACI\u00d3 PRIVADA AFMA.<\/li><li>El major o menor rendiment dels continguts albergats en el Lloc Web.<\/li><li>Els danys o perjudicis que caus\u00e9s qualsevol persona, b\u00e9 a si mateixa o a terceres, que infring\u00eds les condicions, normes i instruccions que FUNDACI\u00d3 PRIVADA AFMA estableix en aquest Lloc Web.<\/li><li>Els danys ocasionats per la vulneraci\u00f3 dels sistemes de seguretat del Lloc Web titularitat de FUNDACI\u00d3 PRIVADA AFMA.<\/li><li>El mal funcionament de programari o \u201cplugins\u201d (desc\u00e0rrega que pogu\u00e9s realitzar-se des de l\u2019enlla\u00e7 establert a aquest efecte), que pogu\u00e9s ser necessari per a la visualitzaci\u00f3 o escolta de determinats continguts albergats en el present Lloc Web.<\/li><li>Qualsevol acci\u00f3 o actuaci\u00f3 que pogu\u00e9s realitzar en relaci\u00f3 amb la vulneraci\u00f3 de drets de tercers, especialment, en relaci\u00f3 amb la imatge, propietat intel\u00b7lectual o industrial.<\/li><li>De l\u2019edici\u00f3, revisi\u00f3, censura i verificaci\u00f3 dels continguts de les p\u00e0gines o Llocs d\u2019Internet amb els quals l\u2019usuari es connecti a trav\u00e9s del motor de cerca o dels enlla\u00e7os inclosos en el Lloc Web de FUNDACI\u00d3 PRIVADA AFMA.<\/li><\/ul>\n\n\n\n<h3 class=\"wp-block-heading\">Exempci\u00f3 de responsabilitat pel funcionament de la P\u00e0gina Web<\/h3>\n\n\n\n<p>FUNDACI\u00d3 PRIVADA AFMA presta els seus serveis i continguts de forma continuada emprant tots els mitjans t\u00e8cnics al seu abast per realitzar aquesta prestaci\u00f3 de forma satisfact\u00f2ria.<\/p>\n\n\n\n<p>FUNDACI\u00d3 PRIVADA AFMA podr\u00e0, quan ho consideri convenient, realitzar correccions, millores o modificacions en la informaci\u00f3 continguda en el seu Lloc Web, sense que aix\u00f2 de lloc, ni dret a cap reclamaci\u00f3 o indemnitzaci\u00f3, ni impliqui reconeixement de responsabilitat alguna.<\/p>\n\n\n\n<p>FUNDACI\u00d3 PRIVADA AFMA no es fa responsable pels danys i perjudicis de tota naturalesa que poguessin derivar-se de la disponibilitat i continu\u00eftat t\u00e8cnica del funcionament del seu Lloc Web. En qualsevol cas FUNDACI\u00d3 PRIVADA AFMA, dur\u00e0 a terme totes les actuacions necess\u00e0ries per restablir els seus serveis en cas de fallada t\u00e8cnica.<\/p>\n\n\n\n<h3 class=\"wp-block-heading\">LEGISLACI\u00d3 I JURISDICCI\u00d3<\/h3>\n\n\n\n<p>FUNDACI\u00d3 PRIVADA AFMA es reserva la facultat de presentar les accions civils o penals que consideri oportunes per la utilitzaci\u00f3 indeguda del seu lloc Web i continguts, o per l\u2019incompliment de les presents condicions.<\/p>\n\n\n\n<p>En cas d\u2019existir discrep\u00e0ncia entre l\u2019establert en el present Av\u00eds Legal i les Condicions Particulars de cada servei espec\u00edfic, prevaldr\u00e0 el que es disposa en aquestes \u00faltimes.<\/p>\n\n\n\n<p>En el cas que qualsevol disposici\u00f3 o disposicions contingudes en el present Av\u00eds Legal fossin considerades nul\u00b7les o inaplicables, \u00edntegrament o en part, per qualsevol Jutjat, Tribunal o \u00f2rgan administratiu competent, aquesta nul\u00b7litat o inaplicaci\u00f3 no afectar\u00e0 a la resta de disposicions del present Av\u00eds Legal ni a les Condicions Particulars dels diferents serveis del present Lloc Web.<\/p>\n\n\n\n<p>El no exercici o execuci\u00f3, per part de FUNDACI\u00d3 PRIVADA AFMA de qualsevol dret o disposici\u00f3 contingut en aquestes Condicions Generals no constituir\u00e0 una ren\u00fancia al mateix, excepte reconeixement i acord escrit per la seva banda.<\/p>\n\n\n\n<p>La relaci\u00f3 entre l\u2019usuari i el prestador es regir\u00e0 per la normativa vigent i d\u2019aplicaci\u00f3 al territori espanyol. De sorgir qualsevol controv\u00e8rsia les parts podran sotmetre els seus conflictes a arbitratge o acudir a la jurisdicci\u00f3 ordin\u00e0ria complint amb les normes sobre jurisdicci\u00f3 i compet\u00e8ncia sobre aquest tema.<\/p>\n\n\n\n<p>FUNDACI\u00d3 PRIVADA AFMA t\u00e9 el seu domicili a BARCELONA, Espanya.<\/p>","protected":false},"excerpt":{"rendered":"<p>D\u2019acord amb l\u2019exig\u00e8ncia de l\u2019article 10 de la Llei 34\/2002, d\u2019 11 de juliol, de Serveis de la Societat de la Informaci\u00f3 i de Comer\u00e7 Electr\u00f2nic (LSSI-CE), FUNDACI\u00d3 PRIVADA AFMA&#8230;<\/p>","protected":false},"author":1,"featured_media":0,"parent":0,"menu_order":0,"comment_status":"closed","ping_status":"closed","template":"","meta":{"footnotes":""},"class_list":["post-814","page","type-page","status-publish"],"_links":{"self":[{"href":"https:\/\/www.afmainsercio.org\/es\/wp-json\/wp\/v2\/pages\/814","targetHints":{"allow":["GET"]}}],"collection":[{"href":"https:\/\/www.afmainsercio.org\/es\/wp-json\/wp\/v2\/pages"}],"about":[{"href":"https:\/\/www.afmainsercio.org\/es\/wp-json\/wp\/v2\/types\/page"}],"author":[{"embeddable":true,"href":"https:\/\/www.afmainsercio.org\/es\/wp-json\/wp\/v2\/users\/1"}],"replies":[{"embeddable":true,"href":"https:\/\/www.afmainsercio.org\/es\/wp-json\/wp\/v2\/comments?post=814"}],"version-history":[{"count":4,"href":"https:\/\/www.afmainsercio.org\/es\/wp-json\/wp\/v2\/pages\/814\/revisions"}],"predecessor-version":[{"id":818,"href":"https:\/\/www.afmainsercio.org\/es\/wp-json\/wp\/v2\/pages\/814\/revisions\/818"}],"wp:attachment":[{"href":"https:\/\/www.afmainsercio.org\/es\/wp-json\/wp\/v2\/media?parent=814"}],"curies":[{"name":"wp","href":"https:\/\/api.w.org\/{rel}","templated":true}]}}