{"id":64,"date":"2012-02-12T12:00:56","date_gmt":"2012-02-12T12:00:56","guid":{"rendered":"http:\/\/www.afmainsercio.org\/?page_id=64"},"modified":"2015-09-14T11:24:57","modified_gmt":"2015-09-14T11:24:57","slug":"serveis-forestals","status":"publish","type":"page","link":"https:\/\/www.afmainsercio.org\/es\/serveis-forestals\/","title":{"rendered":"Serveis forestals"},"content":{"rendered":"<div id=\"fws_69d9f47cdc8bd\"  data-column-margin=\"default\" data-midnight=\"dark\"  class=\"wpb_row vc_row-fluid vc_row full-width-section has-row-bg-color\"  style=\"padding-top: 50px; padding-bottom: 50px; --row-bg-color: #ffffff;\"><div class=\"row-bg-wrap\" data-bg-animation=\"none\" data-bg-animation-delay=\"\" data-bg-overlay=\"false\"><div class=\"inner-wrap row-bg-layer\" ><div class=\"row-bg viewport-desktop using-bg-color\"  style=\"background-color: #ffffff; \"><\/div><\/div><\/div><div class=\"row_col_wrap_12 col span_12 dark left\">\n\t<div  class=\"vc_col-sm-8 wpb_column column_container vc_column_container col no-extra-padding\"  data-padding-pos=\"all\" data-has-bg-color=\"false\" data-bg-color=\"\" data-bg-opacity=\"1\" data-animation=\"\" data-delay=\"0\" >\n\t\t<div class=\"vc_column-inner\" >\n\t\t\t<div class=\"wpb_wrapper\">\n\t\t\t\t\n<div class=\"wpb_text_column wpb_content_element\" >\n\t<p>AFMA acumula\u00a018 anys\u00a0d&#8217;experi\u00e8ncia en la realitzaci\u00f3 de serveis forestals arreu de Catalunya. Estem especialitzats en les actuacions seg\u00fcents:<\/p>\n<ul>\n<li>Creaci\u00f3 i manteniment de franges de seguretat per prevenir el risc d&#8217;incendis<\/li>\n<li>Neteja i manteniment de boscos i \u00e0rees verdes<\/li>\n<li>Neteja i manteniment de lleres<\/li>\n<li>Neteja i manteniment de sotabosc en l\u00ednies el\u00e8ctriques<\/li>\n<li>Neteja i manteniment de vies verdes i rutes de senderisme<\/li>\n<li>Restauracions paisatg\u00edstiques<\/li>\n<li>Tales i podes d&#8217;arbrat<\/li>\n<\/ul>\n<p>Totes les tasques s&#8217;executen amb el m\u00e0xim respecte al medi ambient, emprant eines i maquin\u00e0ria m\u00ednimament invasiva i triturant els residus <em>in situ<\/em>.<\/p>\n<\/div>\n\n\n\n\n\t\t\t<\/div> \n\t\t<\/div>\n\t<\/div> \n\n\t<div  class=\"vc_col-sm-4 wpb_column column_container vc_column_container col no-extra-padding\"  data-padding-pos=\"all\" data-has-bg-color=\"false\" data-bg-color=\"\" data-bg-opacity=\"1\" data-animation=\"\" data-delay=\"0\" >\n\t\t<div class=\"vc_column-inner\" >\n\t\t\t<div class=\"wpb_wrapper\">\n\t\t\t\t\n\n\t\t\t<\/div> \n\t\t<\/div>\n\t<\/div> \n<\/div><\/div>","protected":false},"excerpt":{"rendered":"AFMA acumula\u00a018 anys\u00a0d'experi\u00e8ncia en la realitzaci\u00f3 de serveis forestals arreu de Catalunya. Estem especialitzats en les actuacions seg\u00fcents: Creaci\u00f3 i manteniment de franges de seguretat per prevenir el risc d'incendis...","protected":false},"author":1,"featured_media":0,"parent":0,"menu_order":0,"comment_status":"open","ping_status":"open","template":"","meta":{"footnotes":""},"class_list":["post-64","page","type-page","status-publish"],"_links":{"self":[{"href":"https:\/\/www.afmainsercio.org\/es\/wp-json\/wp\/v2\/pages\/64","targetHints":{"allow":["GET"]}}],"collection":[{"href":"https:\/\/www.afmainsercio.org\/es\/wp-json\/wp\/v2\/pages"}],"about":[{"href":"https:\/\/www.afmainsercio.org\/es\/wp-json\/wp\/v2\/types\/page"}],"author":[{"embeddable":true,"href":"https:\/\/www.afmainsercio.org\/es\/wp-json\/wp\/v2\/users\/1"}],"replies":[{"embeddable":true,"href":"https:\/\/www.afmainsercio.org\/es\/wp-json\/wp\/v2\/comments?post=64"}],"version-history":[{"count":5,"href":"https:\/\/www.afmainsercio.org\/es\/wp-json\/wp\/v2\/pages\/64\/revisions"}],"predecessor-version":[{"id":646,"href":"https:\/\/www.afmainsercio.org\/es\/wp-json\/wp\/v2\/pages\/64\/revisions\/646"}],"wp:attachment":[{"href":"https:\/\/www.afmainsercio.org\/es\/wp-json\/wp\/v2\/media?parent=64"}],"curies":[{"name":"wp","href":"https:\/\/api.w.org\/{rel}","templated":true}]}}