{"id":819,"date":"2021-07-07T12:50:17","date_gmt":"2021-07-07T12:50:17","guid":{"rendered":"http:\/\/www.afmainsercio.org\/?page_id=819"},"modified":"2021-07-07T12:50:18","modified_gmt":"2021-07-07T12:50:18","slug":"politica-de-privacitat","status":"publish","type":"page","link":"https:\/\/www.afmainsercio.org\/ca\/politica-de-privacitat\/","title":{"rendered":"Pol\u00edtica de privacitat"},"content":{"rendered":"\n<p>FUNDACI\u00d3 PRIVADA AFMA garanteix la privadesa de les dades de car\u00e0cter personal aportades, segons el Reglament General de Protecci\u00f3 de Dades (RGPD).<\/p>\n\n\n\n<p>La visita a aquesta p\u00e0gina Web no suposa que l&#8217;usuari estigui obligat a facilitar cap informaci\u00f3 sobre si mateix, no obstant aix\u00f2, durant la visita \u00e9s possible que se sol\u00b7licitin dades de car\u00e0cter personal a trav\u00e9s de formularis.<\/p>\n\n\n\n<p>Aquestes dades seran incorporades a un fitxer responsabilitat de FUNDACI\u00d3 PRIVADA AFMA i seran utilitzades amb la finalitat de contestar la sol\u00b7licitud realitzada per la seva banda i per enviar informaci\u00f3 de la nostra empresa i serveis per qualsevol mitj\u00e0 de comunicaci\u00f3. Enviant-nos aquest formulari, vost\u00e8 est\u00e0 acceptant expl\u00edcitament la recepci\u00f3 de les dades que cont\u00e9. Aquestes dades es cancel\u00b7laran a petici\u00f3 seva o una vegada satisfeta la finalitat per la qual van ser recaptades.<\/p>\n\n\n\n<h3 class=\"wp-block-heading\">Com exercitar els drets<\/h3>\n\n\n\n<p>Els usuaris poden dirigir una comunicaci\u00f3 per escrit a FUNDACI\u00d3 PRIVADA AFMA amb domicili a C\/ GRAN DE GR\u00c0CIA 167, PRAL 2a, 08012 BARCELONA, o a l&#8217;adre\u00e7a de correu electr\u00f2nic <a href=\"mailto:afma@afmainsercio.org\" target=\"_blank\" rel=\"noreferrer noopener\">afma@afmainsercio.org<\/a> incloent en tots dos casos una fotoc\u00f2pia del seu DNI o un altre document identificatiu similar, per exercitar els seus drets, que s\u00f3n els seg\u00fcents:<\/p>\n\n\n\n<ul class=\"wp-block-list\"><li><strong>Dret a sol\u00b7licitar l&#8217;acc\u00e9s a les dades personals:<\/strong> vost\u00e8 podr\u00e0 preguntar a FUNDACI\u00d3 PRIVADA AFMA si aquesta empresa est\u00e0 tractant les seves dades.<\/li><li><strong>Dret a sol\u00b7licitar la seva rectificaci\u00f3<\/strong> (en cas que siguin incorrectes) o supressi\u00f3.<\/li><li><strong>Dret a sol\u00b7licitar la limitaci\u00f3 del seu tractament,<\/strong> en aquest cas \u00fanicament seran conservades per FUNDACI\u00d3 PRIVADA AFMA per a l&#8217;exercici o la defensa de reclamacions.<\/li><li><strong>Dret a oposar-se al tractament:<\/strong> FUNDACI\u00d3 PRIVADA AFMA deixar\u00e0 de tractar les dades en la forma que vost\u00e8 indiqui, tret que per motius leg\u00edtims imperiosos o l&#8217;exercici o la defensa de possibles reclamacions s&#8217;hagin de seguir tractant.<\/li><li><strong>Dret a la portabilitat de les dades:<\/strong> en cas que vulgui que les seves dades siguin tractades per una altra signatura, FUNDACI\u00d3 PRIVADA AFMA li facilitar\u00e0 la portabilitat de les seves dades al nou responsable.<\/li><\/ul>\n\n\n\n<h3 class=\"wp-block-heading\">Possibilitat de retirar el consentiment<\/h3>\n\n\n\n<p>En el cas que s&#8217;hagi atorgat el consentiment per a alguna finalitat espec\u00edfica, vost\u00e8 t\u00e9 dret a retirar el consentiment en qualsevol moment, sense que aix\u00f2 afecti a la licitud del tractament basat en el consentiment previ a la seva retirada.<\/p>\n\n\n\n<h3 class=\"wp-block-heading\">Com reclamar davant l&#8217;Autoritat de Control<\/h3>\n\n\n\n<p>Si un usuari considera que hi ha un problema amb la forma en qu\u00e8 FUNDACI\u00d3 PRIVADA AFMA est\u00e0 gestionant les seves dades, pot dirigir les seves reclamacions a l&#8217;autoritat de protecci\u00f3 de dades que correspongui, essent l&#8217;Ag\u00e8ncia Espanyola de Protecci\u00f3 de Dades la indicada en el cas d&#8217;Espanya.<\/p>\n\n\n\n<p>La negativa a proporcionar les dades suposar\u00e0 la no prestaci\u00f3 o la impossibilitat d&#8217;accedir al servei pels quals se sol\u00b7licitaven. Vost\u00e8 t\u00e9 dret a rebre resposta de qualsevol pregunta, consulta o aclariment que li sorgeixi derivada d&#8217;aquest formulari.<\/p>\n\n\n\n<p>Les parts se sotmeten, a la seva elecci\u00f3, per a la resoluci\u00f3 dels conflictes i amb ren\u00fancia a qualsevol altre fur, als jutjats i tribunals del domicili del propietari del lloc Web.<\/p>\n","protected":false},"excerpt":{"rendered":"<p>FUNDACI\u00d3 PRIVADA AFMA garanteix la privadesa de les dades de car\u00e0cter personal aportades, segons el Reglament General de Protecci\u00f3 de Dades (RGPD). La visita a aquesta p\u00e0gina Web no suposa&#8230;<\/p>\n","protected":false},"author":1,"featured_media":0,"parent":0,"menu_order":0,"comment_status":"closed","ping_status":"closed","template":"","meta":{"footnotes":""},"class_list":["post-819","page","type-page","status-publish"],"_links":{"self":[{"href":"https:\/\/www.afmainsercio.org\/ca\/wp-json\/wp\/v2\/pages\/819","targetHints":{"allow":["GET"]}}],"collection":[{"href":"https:\/\/www.afmainsercio.org\/ca\/wp-json\/wp\/v2\/pages"}],"about":[{"href":"https:\/\/www.afmainsercio.org\/ca\/wp-json\/wp\/v2\/types\/page"}],"author":[{"embeddable":true,"href":"https:\/\/www.afmainsercio.org\/ca\/wp-json\/wp\/v2\/users\/1"}],"replies":[{"embeddable":true,"href":"https:\/\/www.afmainsercio.org\/ca\/wp-json\/wp\/v2\/comments?post=819"}],"version-history":[{"count":1,"href":"https:\/\/www.afmainsercio.org\/ca\/wp-json\/wp\/v2\/pages\/819\/revisions"}],"predecessor-version":[{"id":820,"href":"https:\/\/www.afmainsercio.org\/ca\/wp-json\/wp\/v2\/pages\/819\/revisions\/820"}],"wp:attachment":[{"href":"https:\/\/www.afmainsercio.org\/ca\/wp-json\/wp\/v2\/media?parent=819"}],"curies":[{"name":"wp","href":"https:\/\/api.w.org\/{rel}","templated":true}]}}