{"id":8,"date":"2012-02-11T23:10:02","date_gmt":"2012-02-11T23:10:02","guid":{"rendered":"http:\/\/afmainsercio.org\/?page_id=8"},"modified":"2012-02-28T19:43:30","modified_gmt":"2012-02-28T19:43:30","slug":"auditoria","status":"publish","type":"page","link":"https:\/\/www.afmainsercio.org\/ca\/auditoria\/","title":{"rendered":"Auditoria"},"content":{"rendered":"<p style=\"text-align: justify;\">Des de l\u2019any 2009, Fundaci\u00f3 Privada AFMA est\u00e0 auditada per l\u2019empresa <a title=\"Web Audiaxis\" href=\"http:\/\/www.audiaxis.com\" target=\"_blank\">Audiaxis Auditores S.L.P.<\/a>, ubicada a Barcelona, Av. Diagonal 484,\u00a0que disposa d&#8217;una \u00e0rea especialitzada en organitzacions no\u00a0 lucratives i entitats d\u2019iniciativa social. Compta a m\u00e9s amb una \u00e0mplia experi\u00e8ncia en assessorament quant a la gesti\u00f3 i planificaci\u00f3 estrat\u00e8gica d\u2019entitats del tercer sector.<\/p>\n<p style=\"text-align: justify;\">Complement\u00e0riament, tamb\u00e9 des de l\u2019any 2009 es compta amb l\u2019empresa <a title=\"Web Ides Assessors\" href=\"http:\/\/www.idesassessors.com\" target=\"_blank\">Ides Assessors, S.L.L.<\/a>,\u00a0especialitzada en assessorament comptable i tributari a organitzacions no lucratives.<\/p>\n","protected":false},"excerpt":{"rendered":"<p>Des de l\u2019any 2009, Fundaci\u00f3 Privada AFMA est\u00e0 auditada per l\u2019empresa Audiaxis Auditores S.L.P., ubicada a Barcelona, Av. Diagonal 484,\u00a0que disposa d&#8217;una \u00e0rea especialitzada en organitzacions no\u00a0 lucratives i entitats&#8230;<\/p>\n","protected":false},"author":1,"featured_media":0,"parent":0,"menu_order":0,"comment_status":"open","ping_status":"open","template":"","meta":{"footnotes":""},"class_list":["post-8","page","type-page","status-publish"],"_links":{"self":[{"href":"https:\/\/www.afmainsercio.org\/ca\/wp-json\/wp\/v2\/pages\/8","targetHints":{"allow":["GET"]}}],"collection":[{"href":"https:\/\/www.afmainsercio.org\/ca\/wp-json\/wp\/v2\/pages"}],"about":[{"href":"https:\/\/www.afmainsercio.org\/ca\/wp-json\/wp\/v2\/types\/page"}],"author":[{"embeddable":true,"href":"https:\/\/www.afmainsercio.org\/ca\/wp-json\/wp\/v2\/users\/1"}],"replies":[{"embeddable":true,"href":"https:\/\/www.afmainsercio.org\/ca\/wp-json\/wp\/v2\/comments?post=8"}],"version-history":[{"count":5,"href":"https:\/\/www.afmainsercio.org\/ca\/wp-json\/wp\/v2\/pages\/8\/revisions"}],"predecessor-version":[{"id":289,"href":"https:\/\/www.afmainsercio.org\/ca\/wp-json\/wp\/v2\/pages\/8\/revisions\/289"}],"wp:attachment":[{"href":"https:\/\/www.afmainsercio.org\/ca\/wp-json\/wp\/v2\/media?parent=8"}],"curies":[{"name":"wp","href":"https:\/\/api.w.org\/{rel}","templated":true}]}}