{"id":55,"date":"2012-02-12T11:59:21","date_gmt":"2012-02-12T11:59:21","guid":{"rendered":"http:\/\/www.afmainsercio.org\/?page_id=55"},"modified":"2015-09-10T07:32:31","modified_gmt":"2015-09-10T07:32:31","slug":"formacio","status":"publish","type":"page","link":"https:\/\/www.afmainsercio.org\/ca\/formacio\/","title":{"rendered":"Formaci\u00f3"},"content":{"rendered":"\n\t\t<div id=\"fws_69d9e07f8a5b4\"  data-column-margin=\"default\" data-midnight=\"dark\"  class=\"wpb_row vc_row-fluid vc_row full-width-section has-row-bg-color\"  style=\"padding-top: 50px; padding-bottom: 50px; --row-bg-color: #ffffff;\"><div class=\"row-bg-wrap\" data-bg-animation=\"none\" data-bg-animation-delay=\"\" data-bg-overlay=\"false\"><div class=\"inner-wrap row-bg-layer\" ><div class=\"row-bg viewport-desktop using-bg-color\"  style=\"background-color: #ffffff; \"><\/div><\/div><\/div><div class=\"row_col_wrap_12 col span_12 dark left\">\n\t<div  class=\"vc_col-sm-8 wpb_column column_container vc_column_container col no-extra-padding\"  data-padding-pos=\"all\" data-has-bg-color=\"false\" data-bg-color=\"\" data-bg-opacity=\"1\" data-animation=\"\" data-delay=\"0\" >\n\t\t<div class=\"vc_column-inner\" >\n\t\t\t<div class=\"wpb_wrapper\">\n\t\t\t\t\n<div class=\"wpb_text_column wpb_content_element \" >\n\t<p>Fundaci\u00f3 Privada AFMA organitza tot un conjunt d\u2019activitats formatives adre\u00e7ades al personal propi que treballa en els sectors anteriorment citats. En la formaci\u00f3, ocupa un espai preferent tot el que fa relaci\u00f3 a les mesures de seguretat i l\u2019efici\u00e8ncia en el treball.<\/p>\n<p>El conjunt de l\u2019activitat de la Fundaci\u00f3 t\u00e9 una intencionalitat educativa, posant l\u2019accent en l\u2019adquisici\u00f3 d\u2019h\u00e0bits de treball, de responsabilitat i de feina ben feta. Aix\u00f2 \u00e9s el que ha perm\u00e8s que hi hagi el que podr\u00edem anomenar un carrera professional que fa possible que qui va comen\u00e7ar com a pe\u00f3 pugui arribar a ser capat\u00e0s o que alguns usuaris s\u2019hagin pogut associar per crear una empresa pr\u00f2pia com \u00e9s el cas de Verdinet.<\/p>\n<p>Donada l\u2019experi\u00e8ncia de la Fundaci\u00f3 en diferents sectors laborals i, especialment en el forestal, hi ha el projecte d\u2019organitzar cursos de formaci\u00f3 ocupacional aprofitant les instal\u00b7lacions de Badalona.<\/p>\n<\/div>\n\n\n\n\n\t\t\t<\/div> \n\t\t<\/div>\n\t<\/div> \n\n\t<div  class=\"vc_col-sm-4 wpb_column column_container vc_column_container col no-extra-padding\"  data-padding-pos=\"all\" data-has-bg-color=\"false\" data-bg-color=\"\" data-bg-opacity=\"1\" data-animation=\"\" data-delay=\"0\" >\n\t\t<div class=\"vc_column-inner\" >\n\t\t\t<div class=\"wpb_wrapper\">\n\t\t\t\t\n<div class=\"wpb_text_column wpb_content_element \" >\n\t<\/div>\n\n\n\n\n\t\t\t<\/div> \n\t\t<\/div>\n\t<\/div> \n<\/div><\/div>\n","protected":false},"excerpt":{"rendered":"Fundaci\u00f3 Privada AFMA organitza tot un conjunt d\u2019activitats formatives adre\u00e7ades al personal propi que treballa en els sectors anteriorment citats. En la formaci\u00f3, ocupa un espai preferent tot el que...","protected":false},"author":1,"featured_media":0,"parent":0,"menu_order":0,"comment_status":"open","ping_status":"open","template":"","meta":{"footnotes":""},"class_list":["post-55","page","type-page","status-publish"],"_links":{"self":[{"href":"https:\/\/www.afmainsercio.org\/ca\/wp-json\/wp\/v2\/pages\/55","targetHints":{"allow":["GET"]}}],"collection":[{"href":"https:\/\/www.afmainsercio.org\/ca\/wp-json\/wp\/v2\/pages"}],"about":[{"href":"https:\/\/www.afmainsercio.org\/ca\/wp-json\/wp\/v2\/types\/page"}],"author":[{"embeddable":true,"href":"https:\/\/www.afmainsercio.org\/ca\/wp-json\/wp\/v2\/users\/1"}],"replies":[{"embeddable":true,"href":"https:\/\/www.afmainsercio.org\/ca\/wp-json\/wp\/v2\/comments?post=55"}],"version-history":[{"count":12,"href":"https:\/\/www.afmainsercio.org\/ca\/wp-json\/wp\/v2\/pages\/55\/revisions"}],"predecessor-version":[{"id":553,"href":"https:\/\/www.afmainsercio.org\/ca\/wp-json\/wp\/v2\/pages\/55\/revisions\/553"}],"wp:attachment":[{"href":"https:\/\/www.afmainsercio.org\/ca\/wp-json\/wp\/v2\/media?parent=55"}],"curies":[{"name":"wp","href":"https:\/\/api.w.org\/{rel}","templated":true}]}}